{"id":2042,"date":"2015-12-08T20:38:16","date_gmt":"2015-12-08T20:38:16","guid":{"rendered":"http:\/\/pueblosencamino.org\/?page_id=2042"},"modified":"2015-12-08T20:42:27","modified_gmt":"2015-12-08T20:42:27","slug":"como-asi","status":"publish","type":"page","link":"https:\/\/pueblosencamino.org\/?page_id=2042","title":{"rendered":"\u00bfC\u00f3mo As\u00ed?"},"content":{"rendered":"<p>Las contradicciones hacen parte de los procesos y de las din\u00e1micas organizativas y del quehacer pol\u00edtico y social. Pero encubrirlas, ocultarlas, negarlas, adem\u00e1s de impedirnos reconocerlas, degenera en expresiones autoritarias y termina rob\u00e1ndonos las banderas y prop\u00f3sitos de nuestras luchas. La decepci\u00f3n y el resentimiento amargan la biograf\u00eda de las luchas individuales y colectivas como una constante dolorosa y recurrente. Nos aplastan en una sin salida que f\u00e1cilmente se transforma en impotencia. De all\u00ed que abramos el espacio para decir y gritar \u00bfC\u00f3mo As\u00ed ?!!! y se\u00f1alar estas contradicciones contribuyendo a impedir que sigan el curso esperado hacia el despojo de nuestra iniciativa en el vac\u00edo de palabras para alimentar intereses ajenos con lo que tanto nos ha costado creer, crear y caminar.<\/p>\n<p>1. \u00c9tica Pr\u00e1ctica. Cada lucha. Cada iniciativa. Todos los procesos, exponen necesariamente contradicciones. Las contradicciones son inherentes a los procesos. Son el camino y la oportunidad. Son el desaf\u00edo y la fuente de la sabidur\u00eda colectiva. No esperarlas, negarlas, encubrirlas, abre el camino al autoritarismo, a la injusticia, a la traici\u00f3n, al derrumbe de las causas. A la explotaci\u00f3n privada de lo colectivo. Reconocer las contradicciones. Mantener los espacios de debate, de reflexi\u00f3n, de critica y cuestionamiento y actuar en consecuencia con humildad y respeto a las causas y colectivos, no debilita. Por el contrario: fortalece. Nos hace vulnerables negar nuestras contradicciones. Generalmente implica que algunos han conseguido unos privilegios que no quieren perder y que hay quienes se arrogan el derecho de decidir por el bien de todas y todos. Buscar, se\u00f1alar y reconocer las contradicciones, para actuar colectivamente en consecuencia.<br \/>\n2. Formas, reflexiones y pr\u00e1cticas para confrontar contradicciones. As\u00ed como las din\u00e1micas que las perpet\u00faan. Todos los \u00e1mbitos, pero en particular, el Estado (gobiernos progresistas), los partidos, las organizaciones e instituciones etc. Aprender a reconocer y a defendernos. A defender las luchas y a superar la confusi\u00f3n que causan los que hablan como nosotros y vienen de abajo, pero son ellas y ellos.<\/p>\n<p>3. Relaciones-otras para sociedades otras. Se explota, como una mercanc\u00eda m\u00e1s, el saber colectivo, las luchas, la militancia, la resistencia, los proyectos transformadores. La racionalidad instrumental, el pensamiento utilitario y las jerarqu\u00edas definen nuestras relaciones com\u00fanmente a\u00fan cuando nos unimos para luchar colectivamente por la transformaci\u00f3n. Compa\u00f1erismo. Ser nosotras. Ir rompiendo-confrontando-aprendiendo.<\/p>\n","protected":false},"excerpt":{"rendered":"<p>Las contradicciones hacen parte de los procesos y de las din\u00e1micas organizativas y del quehacer pol\u00edtico y social. Pero encubrirlas,<\/p>\n","protected":false},"author":1,"featured_media":0,"parent":0,"menu_order":0,"comment_status":"closed","ping_status":"closed","template":"","meta":{"colormag_page_container_layout":"default_layout","colormag_page_sidebar_layout":"default_layout","ngg_post_thumbnail":0,"footnotes":""},"class_list":["post-2042","page","type-page","status-publish","hentry"],"_links":{"self":[{"href":"https:\/\/pueblosencamino.org\/index.php?rest_route=\/wp\/v2\/pages\/2042","targetHints":{"allow":["GET"]}}],"collection":[{"href":"https:\/\/pueblosencamino.org\/index.php?rest_route=\/wp\/v2\/pages"}],"about":[{"href":"https:\/\/pueblosencamino.org\/index.php?rest_route=\/wp\/v2\/types\/page"}],"author":[{"embeddable":true,"href":"https:\/\/pueblosencamino.org\/index.php?rest_route=\/wp\/v2\/users\/1"}],"replies":[{"embeddable":true,"href":"https:\/\/pueblosencamino.org\/index.php?rest_route=%2Fwp%2Fv2%2Fcomments&post=2042"}],"version-history":[{"count":3,"href":"https:\/\/pueblosencamino.org\/index.php?rest_route=\/wp\/v2\/pages\/2042\/revisions"}],"predecessor-version":[{"id":2046,"href":"https:\/\/pueblosencamino.org\/index.php?rest_route=\/wp\/v2\/pages\/2042\/revisions\/2046"}],"wp:attachment":[{"href":"https:\/\/pueblosencamino.org\/index.php?rest_route=%2Fwp%2Fv2%2Fmedia&parent=2042"}],"curies":[{"name":"wp","href":"https:\/\/api.w.org\/{rel}","templated":true}]}}